{"id":29,"date":"2020-09-14T15:26:49","date_gmt":"2020-09-14T12:26:49","guid":{"rendered":"https:\/\/galplaiulcodrilor.md\/?page_id=29"},"modified":"2023-02-24T20:21:01","modified_gmt":"2023-02-24T17:21:01","slug":"consiliul-de-administrare","status":"publish","type":"page","link":"https:\/\/galplaiulcodrilor.md\/ru\/consiliul-de-administrare\/","title":{"rendered":"(Rom\u00e2n\u0103) Adunarea General\u0103"},"content":{"rendered":"<p class=\"qtranxs-available-languages-message qtranxs-available-languages-message-ru\">\u0418\u0437\u0432\u0438\u043d\u0438\u0442\u0435, \u044d\u0442\u043e\u0442 \u0442\u0435\u043a\u0441\u0442 \u0434\u043e\u0441\u0442\u0443\u043f\u0435\u043d \u0442\u043e\u043b\u044c\u043a\u043e \u043d\u0430 &ldquo;<a href=\"https:\/\/galplaiulcodrilor.md\/ro\/wp-json\/wp\/v2\/pages\/29\" class=\"qtranxs-available-language-link qtranxs-available-language-link-ro\" title=\"Rom\u00e2n\u0103\">Rom\u00e2n\u0103<\/a>&rdquo;.<\/p>","protected":false},"excerpt":{"rendered":"<p>\u0418\u0437\u0432\u0438\u043d\u0438\u0442\u0435, \u044d\u0442\u043e\u0442 \u0442\u0435\u043a\u0441\u0442 \u0434\u043e\u0441\u0442\u0443\u043f\u0435\u043d \u0442\u043e\u043b\u044c\u043a\u043e \u043d\u0430 &ldquo;Rom\u00e2n\u0103&rdquo;.<\/p>\n","protected":false},"author":2,"featured_media":0,"parent":0,"menu_order":44,"comment_status":"closed","ping_status":"closed","template":"","meta":{"inline_featured_image":false,"footnotes":""},"sat_category":[],"class_list":["post-29","page","type-page","status-publish","hentry"],"_links":{"self":[{"href":"https:\/\/galplaiulcodrilor.md\/ru\/wp-json\/wp\/v2\/pages\/29","targetHints":{"allow":["GET"]}}],"collection":[{"href":"https:\/\/galplaiulcodrilor.md\/ru\/wp-json\/wp\/v2\/pages"}],"about":[{"href":"https:\/\/galplaiulcodrilor.md\/ru\/wp-json\/wp\/v2\/types\/page"}],"author":[{"embeddable":true,"href":"https:\/\/galplaiulcodrilor.md\/ru\/wp-json\/wp\/v2\/users\/2"}],"replies":[{"embeddable":true,"href":"https:\/\/galplaiulcodrilor.md\/ru\/wp-json\/wp\/v2\/comments?post=29"}],"version-history":[{"count":10,"href":"https:\/\/galplaiulcodrilor.md\/ru\/wp-json\/wp\/v2\/pages\/29\/revisions"}],"predecessor-version":[{"id":739,"href":"https:\/\/galplaiulcodrilor.md\/ru\/wp-json\/wp\/v2\/pages\/29\/revisions\/739"}],"wp:attachment":[{"href":"https:\/\/galplaiulcodrilor.md\/ru\/wp-json\/wp\/v2\/media?parent=29"}],"wp:term":[{"taxonomy":"sat_category","embeddable":true,"href":"https:\/\/galplaiulcodrilor.md\/ru\/wp-json\/wp\/v2\/sat_category?post=29"}],"curies":[{"name":"wp","href":"https:\/\/api.w.org\/{rel}","templated":true}]}}